{"id":243,"date":"2016-06-27T15:18:22","date_gmt":"2016-06-27T13:18:22","guid":{"rendered":"http:\/\/www.bocouno.cz\/?page_id=243"},"modified":"2018-03-06T16:00:57","modified_gmt":"2018-03-06T15:00:57","slug":"dreveny-mobiliar","status":"publish","type":"page","link":"https:\/\/www.bocouno.cz\/?page_id=243","title":{"rendered":"D\u0159ev\u011bn\u00fd mobili\u00e1\u0159"},"content":{"rendered":"<ul>\n<li>lavi\u010dky, sedac\u00ed soupravy, p\u0159\u00edst\u0159e\u0161ky, alt\u00e1nky<\/li>\n<li>stojany na kola, odpadkov\u00e9 ko\u0161e, uv\u00edtac\u00ed tabule<\/li>\n<li>informa\u010dn\u00ed panely (v\u010detn\u011b grafiky, map, p\u0159eklad\u016f&#8230;.)<\/li>\n<li>origin\u00e1ln\u00ed prvky mobili\u00e1\u0159e (zvoni\u010dky, studny&#8230;..)<\/li>\n<li>rozcestn\u00edky, autobusov\u00e9 zast\u00e1vky<\/li>\n<\/ul>\n","protected":false},"excerpt":{"rendered":"<p>lavi\u010dky, sedac\u00ed soupravy, p\u0159\u00edst\u0159e\u0161ky, alt\u00e1nky stojany na kola, odpadkov\u00e9 ko\u0161e, uv\u00edtac\u00ed tabule informa\u010dn\u00ed panely (v\u010detn\u011b grafiky, map, p\u0159eklad\u016f&#8230;.) origin\u00e1ln\u00ed prvky mobili\u00e1\u0159e (zvoni\u010dky, studny&#8230;..) rozcestn\u00edky, autobusov\u00e9 zast\u00e1vky<\/p>\n","protected":false},"author":1,"featured_media":0,"parent":6,"menu_order":0,"comment_status":"closed","ping_status":"closed","template":"","meta":{"_bbp_topic_count":0,"_bbp_reply_count":0,"_bbp_total_topic_count":0,"_bbp_total_reply_count":0,"_bbp_voice_count":0,"_bbp_anonymous_reply_count":0,"_bbp_topic_count_hidden":0,"_bbp_reply_count_hidden":0,"_bbp_forum_subforum_count":0,"footnotes":""},"class_list":["post-243","page","type-page","status-publish","hentry"],"_links":{"self":[{"href":"https:\/\/www.bocouno.cz\/index.php?rest_route=\/wp\/v2\/pages\/243","targetHints":{"allow":["GET"]}}],"collection":[{"href":"https:\/\/www.bocouno.cz\/index.php?rest_route=\/wp\/v2\/pages"}],"about":[{"href":"https:\/\/www.bocouno.cz\/index.php?rest_route=\/wp\/v2\/types\/page"}],"author":[{"embeddable":true,"href":"https:\/\/www.bocouno.cz\/index.php?rest_route=\/wp\/v2\/users\/1"}],"replies":[{"embeddable":true,"href":"https:\/\/www.bocouno.cz\/index.php?rest_route=%2Fwp%2Fv2%2Fcomments&post=243"}],"version-history":[{"count":1,"href":"https:\/\/www.bocouno.cz\/index.php?rest_route=\/wp\/v2\/pages\/243\/revisions"}],"predecessor-version":[{"id":244,"href":"https:\/\/www.bocouno.cz\/index.php?rest_route=\/wp\/v2\/pages\/243\/revisions\/244"}],"up":[{"embeddable":true,"href":"https:\/\/www.bocouno.cz\/index.php?rest_route=\/wp\/v2\/pages\/6"}],"wp:attachment":[{"href":"https:\/\/www.bocouno.cz\/index.php?rest_route=%2Fwp%2Fv2%2Fmedia&parent=243"}],"curies":[{"name":"wp","href":"https:\/\/api.w.org\/{rel}","templated":true}]}}