{"id":245,"date":"2016-06-27T15:22:22","date_gmt":"2016-06-27T13:22:22","guid":{"rendered":"http:\/\/www.bocouno.cz\/?page_id=245"},"modified":"2018-03-06T16:02:38","modified_gmt":"2018-03-06T15:02:38","slug":"vybaveni-turistickych-tras-stezek","status":"publish","type":"page","link":"https:\/\/www.bocouno.cz\/?page_id=245","title":{"rendered":"Vybaven\u00ed turistick\u00fdch tras a stezek"},"content":{"rendered":"<ul>\n<li>zna\u010den\u00ed pro cyklisty i p\u011b\u0161\u00ed turisty,<\/li>\n<li>t\u00e9matick\u00e9 nau\u010dn\u00e9 stezky,<\/li>\n<li>p\u0159\u00edst\u0159e\u0161ky a odpo\u010d\u00edvadla,<\/li>\n<li>kolostavy, z\u00e1bradl\u00ed, uvazi\u0161t\u011b,<\/li>\n<li>opravy a renovace<\/li>\n<\/ul>\n","protected":false},"excerpt":{"rendered":"<p>zna\u010den\u00ed pro cyklisty i p\u011b\u0161\u00ed turisty, t\u00e9matick\u00e9 nau\u010dn\u00e9 stezky, p\u0159\u00edst\u0159e\u0161ky a odpo\u010d\u00edvadla, kolostavy, z\u00e1bradl\u00ed, uvazi\u0161t\u011b, opravy a renovace<\/p>\n","protected":false},"author":1,"featured_media":0,"parent":6,"menu_order":0,"comment_status":"closed","ping_status":"closed","template":"","meta":{"_bbp_topic_count":0,"_bbp_reply_count":0,"_bbp_total_topic_count":0,"_bbp_total_reply_count":0,"_bbp_voice_count":0,"_bbp_anonymous_reply_count":0,"_bbp_topic_count_hidden":0,"_bbp_reply_count_hidden":0,"_bbp_forum_subforum_count":0,"footnotes":""},"class_list":["post-245","page","type-page","status-publish","hentry"],"_links":{"self":[{"href":"https:\/\/www.bocouno.cz\/index.php?rest_route=\/wp\/v2\/pages\/245","targetHints":{"allow":["GET"]}}],"collection":[{"href":"https:\/\/www.bocouno.cz\/index.php?rest_route=\/wp\/v2\/pages"}],"about":[{"href":"https:\/\/www.bocouno.cz\/index.php?rest_route=\/wp\/v2\/types\/page"}],"author":[{"embeddable":true,"href":"https:\/\/www.bocouno.cz\/index.php?rest_route=\/wp\/v2\/users\/1"}],"replies":[{"embeddable":true,"href":"https:\/\/www.bocouno.cz\/index.php?rest_route=%2Fwp%2Fv2%2Fcomments&post=245"}],"version-history":[{"count":1,"href":"https:\/\/www.bocouno.cz\/index.php?rest_route=\/wp\/v2\/pages\/245\/revisions"}],"predecessor-version":[{"id":246,"href":"https:\/\/www.bocouno.cz\/index.php?rest_route=\/wp\/v2\/pages\/245\/revisions\/246"}],"up":[{"embeddable":true,"href":"https:\/\/www.bocouno.cz\/index.php?rest_route=\/wp\/v2\/pages\/6"}],"wp:attachment":[{"href":"https:\/\/www.bocouno.cz\/index.php?rest_route=%2Fwp%2Fv2%2Fmedia&parent=245"}],"curies":[{"name":"wp","href":"https:\/\/api.w.org\/{rel}","templated":true}]}}